{"id":51627,"date":"2022-03-10T11:13:30","date_gmt":"2022-03-10T09:13:30","guid":{"rendered":"https:\/\/elk.ee\/?page_id=51627"},"modified":"2022-03-10T11:34:35","modified_gmt":"2022-03-10T09:34:35","slug":"the-white-ravens","status":"publish","type":"page","link":"https:\/\/elk.1kdigital.com\/en\/childrens-literature\/estonian-childrens-book-awards-2\/international-awards\/the-white-ravens\/","title":{"rendered":"The White Ravens"},"content":{"rendered":"\n<p><a href=\"https:\/\/www.ijb.de\/en\/reference-library\/white-ravens-online\">\u201eThe White Ravens\u201c<\/a> is a children&#8217;s and youth literature catalogue, which is published annually by the International Youth Library (Internationale Jugendbibliothek) in Munich. From the big number of children&#8217;s books received from all over the world, the library specialists choose the best ones and write their introductions. The catalogue provides information on new releases for publisher, librarians, etc. The catalogue is presented at the Frankfurt Book Fair and all compiled titles are introduced at the Bologna Book Fair the following year.<\/p>\n\n\n\n<p><a href=\"http:\/\/www.iylmuc.org\/files\/HM_4\/whiteravens.htm\" target=\"_blank\" rel=\"noreferrer noopener\">Catalogue 1996\u20132013<\/a><\/p>\n\n\n\n<p><a href=\"http:\/\/whiteravens.ijb.de\/list\" target=\"_blank\" rel=\"noreferrer noopener\">Database search since 2015<\/a><\/p>\n\n\n\n<p><strong>Estonian children&#8217;s and youth books in \u201eThe White Ravens\u201c<\/strong><\/p>\n\n\n\n<table id=\"tablepress-97\" class=\"tablepress tablepress-id-97\">\n<tbody>\n<tr class=\"row-1\">\n\t<td class=\"column-1\">2025- Look, Kairi (text), Pikkov, Anne (illus.) Natuke suur, Koolibri, 2024<\/td>\n<\/tr>\n<tr class=\"row-2\">\n\t<td class=\"column-1\">2025 - Kitsik, Tiiu (text, illus) Me kolime \u00e4ra, T\u00e4nap\u00e4ev, 2024<\/td>\n<\/tr>\n<tr class=\"row-3\">\n\t<td class=\"column-1\">2024 - Roomets, Lille (text) Mina ja August, Hea Lugu, 2023<\/td>\n<\/tr>\n<tr class=\"row-4\">\n\t<td class=\"column-1\">2024 - Teede, Mari (text), Plats, Marja-Liis (illus.) Ingmar ja meri, T\u00e4nap\u00e4ev, 2023<\/td>\n<\/tr>\n<tr class=\"row-5\">\n\t<td class=\"column-1\">2023 - Sein, Liis (text), Saar, Ulla (illus.) Mona isep\u00e4ine isa, Pegasus, 2022<\/td>\n<\/tr>\n<tr class=\"row-6\">\n\t<td class=\"column-1\">2023 - Kiho, Kadri (text), Salumaa, Stella (illus.) Endel ja Kati, P\u00e4ike ja Pilv, 2022<\/td>\n<\/tr>\n<tr class=\"row-7\">\n\t<td class=\"column-1\">2022 - Kaldmaa, K\u00e4tlin (text), R\u00f5\u00f5mus, Jaan (illus.) Lydia. Hunt, 2021.<\/td>\n<\/tr>\n<tr class=\"row-8\">\n\t<td class=\"column-1\">2022 - Koff, Indrek (text), Sildre, Elina (illus.) Kuhu lapsed said? (Where 'd the kids go?) H\u00e4rra Tee &amp; proua Kohvi, 2021.<\/td>\n<\/tr>\n<tr class=\"row-9\">\n\t<td class=\"column-1\">2021 \u2013 Laan, Triinu (text), Plats, Marja-Liisa (illus.) Luukere Juhani juhtumised (John the Skeleton\u2019s Goings-On). P\u00e4ike ja Pilv, 2020.<\/td>\n<\/tr>\n<tr class=\"row-10\">\n\t<td class=\"column-1\">2021  \u2013 P\u00fcttsepp, Juhani (text), Muzikante, Gundega (illus.) On kuu kui kuldne laev. (The Moon Is Like a Golden Boat). T\u00e4nap\u00e4ev, 2020.<\/td>\n<\/tr>\n<tr class=\"row-11\">\n\t<td class=\"column-1\">2021  \u2013 Saar, Anti (text), Pikkov, Anne (illus.) Anni asjad. (Anni\u2019s Things). Kolm Elu, 2020.<\/td>\n<\/tr>\n<tr class=\"row-12\">\n\t<td class=\"column-1\">2020  \u2013 Vaiksoo, Jaanus (text), Kaev, Katrin (illus.) King nr 39. (Shoe no. 39). \u00c4rkel, 2019.<\/td>\n<\/tr>\n<tr class=\"row-13\">\n\t<td class=\"column-1\">2020  \u2013 Jaaks, Piret (text), Tammik, Marju (illus.) Emme draakon. (Mommy\u2019s dragon). P\u00e4ike ja pilv, 2019.<\/td>\n<\/tr>\n<tr class=\"row-14\">\n\t<td class=\"column-1\">2019 \u2013 Pervik, Aino (text), P\u00e4rn, Olga (illus.), P\u00e4rn, M\u00e4rt Rudolf  (illus.) NummiPealt ja mujalt. (BonnyHead and beyond). T\u00e4nap\u00e4ev, 2018<\/td>\n<\/tr>\n<tr class=\"row-15\">\n\t<td class=\"column-1\">2019 \u2013 Saar, Anti (text), Ring, Anna (illus.) Seisa siin, P\u00e4rt! (Wait here, P\u00e4rt!). P\u00e4ike ja Pilv, 2018<\/td>\n<\/tr>\n<tr class=\"row-16\">\n\t<td class=\"column-1\">2018 \u2013 Niit, Ellen (text), P\u00e4rn, Priit (illus.) Onu \u00d6\u00f6bik \u00d6\u00f6sorri t\u00e4navast (Mr. Nightingale from Nightjar Street). Tammerraamat, 2017<\/td>\n<\/tr>\n<tr class=\"row-17\">\n\t<td class=\"column-1\">2018 \u2013 Reinaus, Reeli (text), Plats, Marja-Liisa (illus.) Maarius, maagia ja libahunt Liisi (Marius, magic, and Lisa the werewolf). P\u00e4ike ja Pilv, 2017<\/td>\n<\/tr>\n<tr class=\"row-18\">\n\t<td class=\"column-1\">2017 \u2013 Kaldmaa, K\u00e4tlin (text), R\u00f5\u00f5mus, Jaan (illus.) Halb t\u00fcdruk on jumala hea olla (It\u2019s damn good to be a bad girl). Varrak, 2016<\/td>\n<\/tr>\n<tr class=\"row-19\">\n\t<td class=\"column-1\">2017 \u2013 Taul, Jonas (text\/illus.). \u00d6\u00f6m\u00f5tted (A serious thought). Draakon &amp; Kuu, 2016.<\/td>\n<\/tr>\n<tr class=\"row-20\">\n\t<td class=\"column-1\">2016 \u2013 Hinrikus, Kadri (text), Kalm, Anu (illus.) Taaniel Teine (Daniel the second).  Tammerraamat, 2015<\/td>\n<\/tr>\n<tr class=\"row-21\">\n\t<td class=\"column-1\">2016 \u2013 Sillaste, Kertu (text\/illus.) Ei ole nii! (No! This is not so!). P\u00e4ike ja Pilv, 2015<\/td>\n<\/tr>\n<tr class=\"row-22\">\n\t<td class=\"column-1\">2015 \u2013 Kangilaski, Kristi (text\/illus.) Tuvi ei taha saia (The pigeon that does not like white bread). P\u00e4ike ja Pilv, 2014<\/td>\n<\/tr>\n<tr class=\"row-23\">\n\t<td class=\"column-1\">2015 \u2013 Kivir\u00e4hk, Andrus (text) Arrak, J\u00fcri (illus.) Suur T\u00f5ll (Big Toell) Suur T\u00f5ll. Varrak, 2014<\/td>\n<\/tr>\n<tr class=\"row-24\">\n\t<td class=\"column-1\">2014 \u2013 Saar, Anti (text), Jaakson, Alvar (illus.) Kuidas meil asjad k\u00e4ivad (How things work in our family). T\u00e4nap\u00e4ev, 2013<\/td>\n<\/tr>\n<tr class=\"row-25\">\n\t<td class=\"column-1\">2014 \u2013 Vainola, K\u00e4tlin (text), Saar, Ulla (illus.) Lift (Elevator). Pegasus, 2013<\/td>\n<\/tr>\n<tr class=\"row-26\">\n\t<td class=\"column-1\">2013 \u2013 Hinrikus,\u00a0Kadri (text), Kalm, Anu (illus.) Et head haldjad sind hoiaksid (May the good fairies watch over you). Tammerraamat, 2012.<\/td>\n<\/tr>\n<tr class=\"row-27\">\n\t<td class=\"column-1\">2013 \u2013 Raud, Piret (text\/illus.) Kolm soovi (Three Wishes). T\u00e4nap\u00e4ev, 2012<\/td>\n<\/tr>\n<tr class=\"row-28\">\n\t<td class=\"column-1\">2012 \u2013 Jancis, Kaspar (text\/illus.) Seiklus Salamandril (Adventure at Salamander). Menu, 2010<\/td>\n<\/tr>\n<tr class=\"row-29\">\n\t<td class=\"column-1\">2012 \u2013 Mildeberg, J\u00fcri (text\/illus.) Putkamissu (Putkamissu, the kioskap). J. Mildeberg, 2011<\/td>\n<\/tr>\n<tr class=\"row-30\">\n\t<td class=\"column-1\">2011 \u2013 Priilinn, Ketlin (text). Sefiirist loss (Meringue castle). T\u00e4nap\u00e4ev, 2010<\/td>\n<\/tr>\n<tr class=\"row-31\">\n\t<td class=\"column-1\">2010 \u2013 Raud, Piret (text\/illus.) H\u00e4rra Linnu lugu (Mister Bird\u2019s story). Tammerraamat, 2009<\/td>\n<\/tr>\n<tr class=\"row-32\">\n\t<td class=\"column-1\">2010 \u2013 Kalamees, Katrin (ed.), Various artists (illus.) Elas kord... (Once upon a time...). Avita, 2008<\/td>\n<\/tr>\n<tr class=\"row-33\">\n\t<td class=\"column-1\">2009 \u2013 Jakobson, August (text), Mildeberg, J\u00fcri (illus.) Eesti muinasjutud (Estonian fairytales). T\u00e4nap\u00e4ev, 2007<\/td>\n<\/tr>\n<tr class=\"row-34\">\n\t<td class=\"column-1\">2008 \u2013 Ojar, Triinu (text), Plats, Marja-Liisa (illus.) Suur must koer = Suur must pini (The big black dog). P\u00e4ike ja Pilv, 2007<\/td>\n<\/tr>\n<\/tbody>\n<\/table>\n<!-- #tablepress-97 from cache -->\n","protected":false},"excerpt":{"rendered":"<p>\u201eThe White Ravens\u201c is a children&#8217;s and youth literature catalogue, which is published annually by the International Youth Library (Internationale Jugendbibliothek) in Munich. From the big number of children&#8217;s books received from all over the world, the library specialists choose the best ones and write their introductions. The catalogue provides information on new releases for [&hellip;]<\/p>\n","protected":false},"author":23,"featured_media":0,"parent":34093,"menu_order":20,"comment_status":"closed","ping_status":"closed","template":"page-pink.php","meta":{"_acf_changed":false,"inline_featured_image":false,"pgc_sgb_lightbox_settings":"","footnotes":""},"class_list":["post-51627","page","type-page","status-publish","hentry"],"acf":[],"yoast_head":"<!-- This site is optimized with the Yoast SEO plugin v27.1.1 - https:\/\/yoast.com\/product\/yoast-seo-wordpress\/ -->\n<title>The White Ravens - Eesti Lastekirjanduse Keskus<\/title>\n<meta name=\"robots\" content=\"index, follow, max-snippet:-1, max-image-preview:large, max-video-preview:-1\" \/>\n<link rel=\"canonical\" href=\"https:\/\/elk.1kdigital.com\/lastekirjandus\/auhinnad-voistlused\/muud-rahvusvahelised-auhinnad\/the-white-ravens\/\" \/>\n<meta property=\"og:locale\" content=\"en_US\" \/>\n<meta property=\"og:type\" content=\"article\" \/>\n<meta property=\"og:title\" content=\"The White Ravens - Eesti Lastekirjanduse Keskus\" \/>\n<meta property=\"og:description\" content=\"\u201eThe White Ravens\u201c is a children&#8217;s and youth literature catalogue, which is published annually by the International Youth Library (Internationale Jugendbibliothek) in Munich. From the big number of children&#8217;s books received from all over the world, the library specialists choose the best ones and write their introductions. The catalogue provides information on new releases for [&hellip;]\" \/>\n<meta property=\"og:url\" content=\"https:\/\/elk.1kdigital.com\/lastekirjandus\/auhinnad-voistlused\/muud-rahvusvahelised-auhinnad\/the-white-ravens\/\" \/>\n<meta property=\"og:site_name\" content=\"Eesti Lastekirjanduse Keskus\" \/>\n<meta property=\"article:modified_time\" content=\"2022-03-10T09:34:35+00:00\" \/>\n<meta name=\"twitter:card\" content=\"summary_large_image\" \/>\n<meta name=\"twitter:label1\" content=\"Est. reading time\" \/>\n\t<meta name=\"twitter:data1\" content=\"1 minute\" \/>\n<script type=\"application\/ld+json\" class=\"yoast-schema-graph\">{\"@context\":\"https:\/\/schema.org\",\"@graph\":[{\"@type\":\"WebPage\",\"@id\":\"https:\/\/elk.1kdigital.com\/lastekirjandus\/auhinnad-voistlused\/muud-rahvusvahelised-auhinnad\/the-white-ravens\/\",\"url\":\"https:\/\/elk.1kdigital.com\/lastekirjandus\/auhinnad-voistlused\/muud-rahvusvahelised-auhinnad\/the-white-ravens\/\",\"name\":\"The White Ravens - Eesti Lastekirjanduse Keskus\",\"isPartOf\":{\"@id\":\"https:\/\/elk.1kdigital.com\/#website\"},\"datePublished\":\"2022-03-10T09:13:30+00:00\",\"dateModified\":\"2022-03-10T09:34:35+00:00\",\"breadcrumb\":{\"@id\":\"https:\/\/elk.1kdigital.com\/lastekirjandus\/auhinnad-voistlused\/muud-rahvusvahelised-auhinnad\/the-white-ravens\/#breadcrumb\"},\"inLanguage\":\"en-US\",\"potentialAction\":[{\"@type\":\"ReadAction\",\"target\":[\"https:\/\/elk.1kdigital.com\/lastekirjandus\/auhinnad-voistlused\/muud-rahvusvahelised-auhinnad\/the-white-ravens\/\"]}]},{\"@type\":\"BreadcrumbList\",\"@id\":\"https:\/\/elk.1kdigital.com\/lastekirjandus\/auhinnad-voistlused\/muud-rahvusvahelised-auhinnad\/the-white-ravens\/#breadcrumb\",\"itemListElement\":[{\"@type\":\"ListItem\",\"position\":1,\"name\":\"Home\",\"item\":\"https:\/\/elk.1kdigital.com\/en\/\"},{\"@type\":\"ListItem\",\"position\":2,\"name\":\"Children&#8217;s Literature\",\"item\":\"https:\/\/elk.1kdigital.com\/lastekirjandus\/\"},{\"@type\":\"ListItem\",\"position\":3,\"name\":\"Estonian children&#8217;s book awards\",\"item\":\"https:\/\/elk.1kdigital.com\/lastekirjandus\/auhinnad-voistlused\/\"},{\"@type\":\"ListItem\",\"position\":4,\"name\":\"International awards\",\"item\":\"https:\/\/elk.1kdigital.com\/lastekirjandus\/auhinnad-voistlused\/muud-rahvusvahelised-auhinnad\/\"},{\"@type\":\"ListItem\",\"position\":5,\"name\":\"The White Ravens\"}]},{\"@type\":\"WebSite\",\"@id\":\"https:\/\/elk.1kdigital.com\/#website\",\"url\":\"https:\/\/elk.1kdigital.com\/\",\"name\":\"Eesti Lastekirjanduse Keskus\",\"description\":\"Eesti Lastekirjanduse Keskus\",\"publisher\":{\"@id\":\"https:\/\/elk.1kdigital.com\/#organization\"},\"potentialAction\":[{\"@type\":\"SearchAction\",\"target\":{\"@type\":\"EntryPoint\",\"urlTemplate\":\"https:\/\/elk.1kdigital.com\/?s={search_term_string}\"},\"query-input\":{\"@type\":\"PropertyValueSpecification\",\"valueRequired\":true,\"valueName\":\"search_term_string\"}}],\"inLanguage\":\"en-US\"},{\"@type\":\"Organization\",\"@id\":\"https:\/\/elk.1kdigital.com\/#organization\",\"name\":\"Eesti Lastekirjanduse Keskus\",\"url\":\"https:\/\/elk.1kdigital.com\/\",\"logo\":{\"@type\":\"ImageObject\",\"inLanguage\":\"en-US\",\"@id\":\"https:\/\/elk.1kdigital.com\/#\/schema\/logo\/image\/\",\"url\":\"https:\/\/elk.1kdigital.com\/wp-content\/uploads\/2021\/01\/ELK_logo_valge-1.png\",\"contentUrl\":\"https:\/\/elk.1kdigital.com\/wp-content\/uploads\/2021\/01\/ELK_logo_valge-1.png\",\"width\":516,\"height\":159,\"caption\":\"Eesti Lastekirjanduse Keskus\"},\"image\":{\"@id\":\"https:\/\/elk.1kdigital.com\/#\/schema\/logo\/image\/\"}}]}<\/script>\n<!-- \/ Yoast SEO plugin. -->","yoast_head_json":{"title":"The White Ravens - Eesti Lastekirjanduse Keskus","robots":{"index":"index","follow":"follow","max-snippet":"max-snippet:-1","max-image-preview":"max-image-preview:large","max-video-preview":"max-video-preview:-1"},"canonical":"https:\/\/elk.1kdigital.com\/lastekirjandus\/auhinnad-voistlused\/muud-rahvusvahelised-auhinnad\/the-white-ravens\/","og_locale":"en_US","og_type":"article","og_title":"The White Ravens - Eesti Lastekirjanduse Keskus","og_description":"\u201eThe White Ravens\u201c is a children&#8217;s and youth literature catalogue, which is published annually by the International Youth Library (Internationale Jugendbibliothek) in Munich. From the big number of children&#8217;s books received from all over the world, the library specialists choose the best ones and write their introductions. The catalogue provides information on new releases for [&hellip;]","og_url":"https:\/\/elk.1kdigital.com\/lastekirjandus\/auhinnad-voistlused\/muud-rahvusvahelised-auhinnad\/the-white-ravens\/","og_site_name":"Eesti Lastekirjanduse Keskus","article_modified_time":"2022-03-10T09:34:35+00:00","twitter_card":"summary_large_image","twitter_misc":{"Est. reading time":"1 minute"},"schema":{"@context":"https:\/\/schema.org","@graph":[{"@type":"WebPage","@id":"https:\/\/elk.1kdigital.com\/lastekirjandus\/auhinnad-voistlused\/muud-rahvusvahelised-auhinnad\/the-white-ravens\/","url":"https:\/\/elk.1kdigital.com\/lastekirjandus\/auhinnad-voistlused\/muud-rahvusvahelised-auhinnad\/the-white-ravens\/","name":"The White Ravens - Eesti Lastekirjanduse Keskus","isPartOf":{"@id":"https:\/\/elk.1kdigital.com\/#website"},"datePublished":"2022-03-10T09:13:30+00:00","dateModified":"2022-03-10T09:34:35+00:00","breadcrumb":{"@id":"https:\/\/elk.1kdigital.com\/lastekirjandus\/auhinnad-voistlused\/muud-rahvusvahelised-auhinnad\/the-white-ravens\/#breadcrumb"},"inLanguage":"en-US","potentialAction":[{"@type":"ReadAction","target":["https:\/\/elk.1kdigital.com\/lastekirjandus\/auhinnad-voistlused\/muud-rahvusvahelised-auhinnad\/the-white-ravens\/"]}]},{"@type":"BreadcrumbList","@id":"https:\/\/elk.1kdigital.com\/lastekirjandus\/auhinnad-voistlused\/muud-rahvusvahelised-auhinnad\/the-white-ravens\/#breadcrumb","itemListElement":[{"@type":"ListItem","position":1,"name":"Home","item":"https:\/\/elk.1kdigital.com\/en\/"},{"@type":"ListItem","position":2,"name":"Children&#8217;s Literature","item":"https:\/\/elk.1kdigital.com\/lastekirjandus\/"},{"@type":"ListItem","position":3,"name":"Estonian children&#8217;s book awards","item":"https:\/\/elk.1kdigital.com\/lastekirjandus\/auhinnad-voistlused\/"},{"@type":"ListItem","position":4,"name":"International awards","item":"https:\/\/elk.1kdigital.com\/lastekirjandus\/auhinnad-voistlused\/muud-rahvusvahelised-auhinnad\/"},{"@type":"ListItem","position":5,"name":"The White Ravens"}]},{"@type":"WebSite","@id":"https:\/\/elk.1kdigital.com\/#website","url":"https:\/\/elk.1kdigital.com\/","name":"Eesti Lastekirjanduse Keskus","description":"Eesti Lastekirjanduse Keskus","publisher":{"@id":"https:\/\/elk.1kdigital.com\/#organization"},"potentialAction":[{"@type":"SearchAction","target":{"@type":"EntryPoint","urlTemplate":"https:\/\/elk.1kdigital.com\/?s={search_term_string}"},"query-input":{"@type":"PropertyValueSpecification","valueRequired":true,"valueName":"search_term_string"}}],"inLanguage":"en-US"},{"@type":"Organization","@id":"https:\/\/elk.1kdigital.com\/#organization","name":"Eesti Lastekirjanduse Keskus","url":"https:\/\/elk.1kdigital.com\/","logo":{"@type":"ImageObject","inLanguage":"en-US","@id":"https:\/\/elk.1kdigital.com\/#\/schema\/logo\/image\/","url":"https:\/\/elk.1kdigital.com\/wp-content\/uploads\/2021\/01\/ELK_logo_valge-1.png","contentUrl":"https:\/\/elk.1kdigital.com\/wp-content\/uploads\/2021\/01\/ELK_logo_valge-1.png","width":516,"height":159,"caption":"Eesti Lastekirjanduse Keskus"},"image":{"@id":"https:\/\/elk.1kdigital.com\/#\/schema\/logo\/image\/"}}]}},"_links":{"self":[{"href":"https:\/\/elk.1kdigital.com\/en\/wp-json\/wp\/v2\/pages\/51627","targetHints":{"allow":["GET"]}}],"collection":[{"href":"https:\/\/elk.1kdigital.com\/en\/wp-json\/wp\/v2\/pages"}],"about":[{"href":"https:\/\/elk.1kdigital.com\/en\/wp-json\/wp\/v2\/types\/page"}],"author":[{"embeddable":true,"href":"https:\/\/elk.1kdigital.com\/en\/wp-json\/wp\/v2\/users\/23"}],"replies":[{"embeddable":true,"href":"https:\/\/elk.1kdigital.com\/en\/wp-json\/wp\/v2\/comments?post=51627"}],"version-history":[{"count":2,"href":"https:\/\/elk.1kdigital.com\/en\/wp-json\/wp\/v2\/pages\/51627\/revisions"}],"predecessor-version":[{"id":51634,"href":"https:\/\/elk.1kdigital.com\/en\/wp-json\/wp\/v2\/pages\/51627\/revisions\/51634"}],"up":[{"embeddable":true,"href":"https:\/\/elk.1kdigital.com\/en\/wp-json\/wp\/v2\/pages\/34093"}],"wp:attachment":[{"href":"https:\/\/elk.1kdigital.com\/en\/wp-json\/wp\/v2\/media?parent=51627"}],"curies":[{"name":"wp","href":"https:\/\/api.w.org\/{rel}","templated":true}]}}