{"id":44460,"date":"2019-06-21T11:43:58","date_gmt":"2019-06-21T08:43:58","guid":{"rendered":"https:\/\/elk.ee\/?page_id=44460"},"modified":"2021-01-29T11:45:06","modified_gmt":"2021-01-29T09:45:06","slug":"raisin-of-the-year-award-2","status":"publish","type":"page","link":"https:\/\/elk.1kdigital.com\/en\/childrens-literature\/estonian-childrens-book-awards-2\/raisin-of-the-year-award-2\/","title":{"rendered":"Raisin of the Year Award"},"content":{"rendered":"\n<p>Since 2004, the Estonian Children\u2019s Literature Centre has annually given the Raisin of the Year Award to the most unique or surprising Estonian children\u2019s book published that year. Assessed are the author\u2019s or artist\u2019s work and the book as a whole. The prize is one kilogram of raisins and a monetary award. The Raisin of the Year is given during a December event held at the Estonian Children\u2019s Literature Centre to thank our supporters.<\/p>\n\n\n\n<table id=\"tablepress-5\" class=\"tablepress tablepress-id-5\">\n<tbody>\n<tr class=\"row-1\">\n\t<td class=\"column-1\">2024 - Anti Saar, Marja-Liisa Plats \u201eH\u00e4rra Haraldi unistuste aed\u201c (Kolm Elu, 2024).  <a href=https:\/\/elk.ee\/aasta-koige-omanaolisem-lasteraamat-on-valitud\/>Loe uudist<\/a><\/td>\n<\/tr>\n<tr class=\"row-2\">\n\t<td class=\"column-1\">2023 \u2013 Andry Ervald, Kristel Maam\u00e4gi. \"Ole sa, kes sa oled. Ettelugemise lood\" (Kirimiri, 2023).  <a href=https:\/\/elk.ee\/aasta-rosina-auhinna-sai-andry-ervaldi-lastejuturaamat\/>Loe uudist<\/a><\/td>\n<\/tr>\n<tr class=\"row-3\">\n\t<td class=\"column-1\">2022 \u2013 Kadri Kiho, Stella Salumaa. \"Endel ja Kati\" (P\u00e4ike ja Pilv, 2022). <a href=https:\/\/elk.ee\/aasta-rosina-auhind-on-selgunud\/\">Loe uudist<\/a><\/td>\n<\/tr>\n<tr class=\"row-4\">\n\t<td class=\"column-1\">2021 \u2013 Indrek Koff, Elina Sildre. \"Kuhu lapsed said?\" (H\u00e4rra Tee ja proua Kohvi, 2021). <a href=\"https:\/\/elk.ee\/aasta-rosina-auhind-selgunud-2\/\">Loe uudist<\/a><br \/>\n<\/td>\n<\/tr>\n<tr class=\"row-5\">\n\t<td class=\"column-1\">2020 \u2013 Juhani P\u00fcttsepp, Gundega Muzikante. \u201eOn kuu kui kuldne laev\u201c (Tammerraamat, 2020).  <a href=\"https:\/\/elk.ee\/aasta-rosina-auhind-selgunud\/\">Loe uudist<\/a><\/td>\n<\/tr>\n<tr class=\"row-6\">\n\t<td class=\"column-1\">2019 \u2013 Ilmar Tomusk, Priit P\u00e4rn. \u201eK\u00f5rvalised isikud\u201c (Tammerraamat, 2019).  <a href=\"https:\/\/elk.ee\/?p=35917\">Loe uudist<\/a><\/td>\n<\/tr>\n<tr class=\"row-7\">\n\t<td class=\"column-1\">2018 \u2013 Anti Saar, Urmas Viik.  \u201eMina, Milda ja meister Michel\u201c (Eesti Kunstimuuseum, 2018). <a href=\"https:\/\/elk.ee\/?p=31428\">Loe uudist<\/a><\/td>\n<\/tr>\n<tr class=\"row-8\">\n\t<td class=\"column-1\">2017 \u2013 Heli Lukner, Mare M\u00fc\u00fcrsepp. \u201eF\u00fc\u00fcbits\u201c (Tammerraamat, 2017). <a href=\"https:\/\/elk.ee\/?p=26504\">Loe uudist<\/a> <\/td>\n<\/tr>\n<tr class=\"row-9\">\n\t<td class=\"column-1\">2016 \u2013 Triinu Laan, Anne Pikkov. \u201eVana katkine kass\u201c (P\u00e4ike ja Pilv, 2016). <a href=\"https:\/\/elk.ee\/?p=23287\">Loe uudist<\/a><\/td>\n<\/tr>\n<tr class=\"row-10\">\n\t<td class=\"column-1\">2015 \u2013 Kertu Sillaste. \u201eEi ole nii!\u201d (P\u00e4ike ja Pilv, 2015). <a href=\"https:\/\/elk.ee\/?p=15447\">Loe uudist<\/a><\/td>\n<\/tr>\n<tr class=\"row-11\">\n\t<td class=\"column-1\">2014 \u2013 Maris Pruuli, Regina Lukk-Toompere. \u201eMaiasmoka atlas\u201d (Regio, 2014). <a href=\"https:\/\/elk.ee\/?p=11391\">Loe uudist<\/a><\/td>\n<\/tr>\n<tr class=\"row-12\">\n\t<td class=\"column-1\">2013 \u2013 Anti Saar, Alvar Jaakson. \u201eKuidas meil asjad k\u00e4ivad\u201d  (T\u00e4nap\u00e4ev, 2013). <a href=\"https:\/\/elk.ee\/?p=8905\">Loe uudist<\/a><\/td>\n<\/tr>\n<tr class=\"row-13\">\n\t<td class=\"column-1\">2012 \u2013 Tiia Mets. \u201eVahvaToomas. Vana Toomase legend\u201d (P\u00e4ike ja Pilv, 2012). <a title=\"Aasta Rosin 2012: Tiia Metsa raamat \u201cVahva Toomas\u201d\" href=\"https:\/\/elk.ee\/?p=2012\">Loe uudist<\/a><\/td>\n<\/tr>\n<tr class=\"row-14\">\n\t<td class=\"column-1\">2011 \u2013 Aidi Vallik, Piret Mildeberg. \u201eMannikese lugu\u201d (Lugu-Loo, 2010).<a title=\"2011. a Aasta Rosina auhinna v\u00f5itja\" href=\"https:\/\/elk.ee\/?p=365\"> Loe uudist<\/a><\/td>\n<\/tr>\n<tr class=\"row-15\">\n\t<td class=\"column-1\">2010 \u2013 Aino Pervik, J\u00fcri Mildeberg. \u201e\u00dches v\u00e4ikses veidras linnas\u201d (T\u00e4nap\u00e4ev, 2009)<\/td>\n<\/tr>\n<tr class=\"row-16\">\n\t<td class=\"column-1\">2009 \u2013 Piret Raud. \u201eH\u00e4rra Linnu lugu\u201d (Tammerraamat, 2009) ja \u201eMister Bird\u2019s Story\u201d (Tammerraamat, 2009)<\/td>\n<\/tr>\n<tr class=\"row-17\">\n\t<td class=\"column-1\">2008 \u2013 Muinasjutukogumik \u201eElas kord\u2026\u201d (Avita, 2008)<\/td>\n<\/tr>\n<tr class=\"row-18\">\n\t<td class=\"column-1\">2007 \u2013 Aili Kalavus, Mare M\u00fc\u00fcrsepp ja Mare Hunt. \u201eKui Arno isaga koolimajja j\u00f5udis\u2026\u201d (Ilo, 2007)<\/td>\n<\/tr>\n<tr class=\"row-19\">\n\t<td class=\"column-1\">2006 \u2013 Maarja Kangro, Kirke Kangro. \u201ePuuviljadraakon\u201d (2006)<\/td>\n<\/tr>\n<tr class=\"row-20\">\n\t<td class=\"column-1\">2005 \u2013 Kogumik \u201eRuttu tuttu! Eesti isade unejutte\u201d, autorid Karl-Martin Sinij\u00e4rv, Veiko Belials, Andrus Kivir\u00e4hk, Juhani P\u00fcttsepp, Contra, J\u00fcrgen Rooste, Jaanus Vaiksoo, Kivisildnik, Peeter Sauter, Jaan T\u00e4tte ja Peep Pedmanson; pildid: J\u00fcri Mildeberg. (Ajakirjade Kirjastus, 2005)<\/td>\n<\/tr>\n<tr class=\"row-21\">\n\t<td class=\"column-1\">2004 \u2013 Henno K\u00e4o. \u201eV\u00e4ike r\u00fc\u00fctel Rikardo\u201d (T\u00e4nap\u00e4ev, 2004)<\/td>\n<\/tr>\n<\/tbody>\n<\/table>\n<!-- #tablepress-5 from cache -->\n","protected":false},"excerpt":{"rendered":"<p>Since 2004, the Estonian Children\u2019s Literature Centre has annually given the Raisin of the Year Award to the most unique or surprising Estonian children\u2019s book published that year. Assessed are the author\u2019s or artist\u2019s work and the book as a whole. The prize is one kilogram of raisins and a monetary award. The Raisin of [&hellip;]<\/p>\n","protected":false},"author":23,"featured_media":0,"parent":34097,"menu_order":30,"comment_status":"closed","ping_status":"closed","template":"page-purple.php","meta":{"_acf_changed":false,"inline_featured_image":false,"pgc_sgb_lightbox_settings":"","footnotes":""},"class_list":["post-44460","page","type-page","status-publish","hentry"],"acf":[],"yoast_head":"<!-- This site is optimized with the Yoast SEO plugin v27.1.1 - https:\/\/yoast.com\/product\/yoast-seo-wordpress\/ -->\n<title>Raisin of the Year Award - Eesti Lastekirjanduse Keskus<\/title>\n<meta name=\"robots\" content=\"index, follow, max-snippet:-1, max-image-preview:large, max-video-preview:-1\" \/>\n<link rel=\"canonical\" href=\"https:\/\/elk.1kdigital.com\/lastekirjandus\/auhinnad-voistlused\/aasta-rosina-auhind-2\/\" \/>\n<meta property=\"og:locale\" content=\"en_US\" \/>\n<meta property=\"og:type\" content=\"article\" \/>\n<meta property=\"og:title\" content=\"Raisin of the Year Award - Eesti Lastekirjanduse Keskus\" \/>\n<meta property=\"og:description\" content=\"Since 2004, the Estonian Children\u2019s Literature Centre has annually given the Raisin of the Year Award to the most unique or surprising Estonian children\u2019s book published that year. Assessed are the author\u2019s or artist\u2019s work and the book as a whole. The prize is one kilogram of raisins and a monetary award. The Raisin of [&hellip;]\" \/>\n<meta property=\"og:url\" content=\"https:\/\/elk.1kdigital.com\/lastekirjandus\/auhinnad-voistlused\/aasta-rosina-auhind-2\/\" \/>\n<meta property=\"og:site_name\" content=\"Eesti Lastekirjanduse Keskus\" \/>\n<meta property=\"article:modified_time\" content=\"2021-01-29T09:45:06+00:00\" \/>\n<meta name=\"twitter:card\" content=\"summary_large_image\" \/>\n<script type=\"application\/ld+json\" class=\"yoast-schema-graph\">{\"@context\":\"https:\/\/schema.org\",\"@graph\":[{\"@type\":\"WebPage\",\"@id\":\"https:\/\/elk.1kdigital.com\/lastekirjandus\/auhinnad-voistlused\/aasta-rosina-auhind-2\/\",\"url\":\"https:\/\/elk.1kdigital.com\/lastekirjandus\/auhinnad-voistlused\/aasta-rosina-auhind-2\/\",\"name\":\"Raisin of the Year Award - Eesti Lastekirjanduse Keskus\",\"isPartOf\":{\"@id\":\"https:\/\/elk.1kdigital.com\/#website\"},\"datePublished\":\"2019-06-21T08:43:58+00:00\",\"dateModified\":\"2021-01-29T09:45:06+00:00\",\"breadcrumb\":{\"@id\":\"https:\/\/elk.1kdigital.com\/lastekirjandus\/auhinnad-voistlused\/aasta-rosina-auhind-2\/#breadcrumb\"},\"inLanguage\":\"en-US\",\"potentialAction\":[{\"@type\":\"ReadAction\",\"target\":[\"https:\/\/elk.1kdigital.com\/lastekirjandus\/auhinnad-voistlused\/aasta-rosina-auhind-2\/\"]}]},{\"@type\":\"BreadcrumbList\",\"@id\":\"https:\/\/elk.1kdigital.com\/lastekirjandus\/auhinnad-voistlused\/aasta-rosina-auhind-2\/#breadcrumb\",\"itemListElement\":[{\"@type\":\"ListItem\",\"position\":1,\"name\":\"Home\",\"item\":\"https:\/\/elk.1kdigital.com\/en\/\"},{\"@type\":\"ListItem\",\"position\":2,\"name\":\"Children&#8217;s Literature\",\"item\":\"https:\/\/elk.1kdigital.com\/lastekirjandus\/\"},{\"@type\":\"ListItem\",\"position\":3,\"name\":\"Estonian children&#8217;s book awards\",\"item\":\"https:\/\/elk.1kdigital.com\/lastekirjandus\/auhinnad-voistlused\/\"},{\"@type\":\"ListItem\",\"position\":4,\"name\":\"Raisin of the Year Award\"}]},{\"@type\":\"WebSite\",\"@id\":\"https:\/\/elk.1kdigital.com\/#website\",\"url\":\"https:\/\/elk.1kdigital.com\/\",\"name\":\"Eesti Lastekirjanduse Keskus\",\"description\":\"Eesti Lastekirjanduse Keskus\",\"publisher\":{\"@id\":\"https:\/\/elk.1kdigital.com\/#organization\"},\"potentialAction\":[{\"@type\":\"SearchAction\",\"target\":{\"@type\":\"EntryPoint\",\"urlTemplate\":\"https:\/\/elk.1kdigital.com\/?s={search_term_string}\"},\"query-input\":{\"@type\":\"PropertyValueSpecification\",\"valueRequired\":true,\"valueName\":\"search_term_string\"}}],\"inLanguage\":\"en-US\"},{\"@type\":\"Organization\",\"@id\":\"https:\/\/elk.1kdigital.com\/#organization\",\"name\":\"Eesti Lastekirjanduse Keskus\",\"url\":\"https:\/\/elk.1kdigital.com\/\",\"logo\":{\"@type\":\"ImageObject\",\"inLanguage\":\"en-US\",\"@id\":\"https:\/\/elk.1kdigital.com\/#\/schema\/logo\/image\/\",\"url\":\"https:\/\/elk.1kdigital.com\/wp-content\/uploads\/2021\/01\/ELK_logo_valge-1.png\",\"contentUrl\":\"https:\/\/elk.1kdigital.com\/wp-content\/uploads\/2021\/01\/ELK_logo_valge-1.png\",\"width\":516,\"height\":159,\"caption\":\"Eesti Lastekirjanduse Keskus\"},\"image\":{\"@id\":\"https:\/\/elk.1kdigital.com\/#\/schema\/logo\/image\/\"}}]}<\/script>\n<!-- \/ Yoast SEO plugin. -->","yoast_head_json":{"title":"Raisin of the Year Award - Eesti Lastekirjanduse Keskus","robots":{"index":"index","follow":"follow","max-snippet":"max-snippet:-1","max-image-preview":"max-image-preview:large","max-video-preview":"max-video-preview:-1"},"canonical":"https:\/\/elk.1kdigital.com\/lastekirjandus\/auhinnad-voistlused\/aasta-rosina-auhind-2\/","og_locale":"en_US","og_type":"article","og_title":"Raisin of the Year Award - Eesti Lastekirjanduse Keskus","og_description":"Since 2004, the Estonian Children\u2019s Literature Centre has annually given the Raisin of the Year Award to the most unique or surprising Estonian children\u2019s book published that year. Assessed are the author\u2019s or artist\u2019s work and the book as a whole. The prize is one kilogram of raisins and a monetary award. The Raisin of [&hellip;]","og_url":"https:\/\/elk.1kdigital.com\/lastekirjandus\/auhinnad-voistlused\/aasta-rosina-auhind-2\/","og_site_name":"Eesti Lastekirjanduse Keskus","article_modified_time":"2021-01-29T09:45:06+00:00","twitter_card":"summary_large_image","schema":{"@context":"https:\/\/schema.org","@graph":[{"@type":"WebPage","@id":"https:\/\/elk.1kdigital.com\/lastekirjandus\/auhinnad-voistlused\/aasta-rosina-auhind-2\/","url":"https:\/\/elk.1kdigital.com\/lastekirjandus\/auhinnad-voistlused\/aasta-rosina-auhind-2\/","name":"Raisin of the Year Award - Eesti Lastekirjanduse Keskus","isPartOf":{"@id":"https:\/\/elk.1kdigital.com\/#website"},"datePublished":"2019-06-21T08:43:58+00:00","dateModified":"2021-01-29T09:45:06+00:00","breadcrumb":{"@id":"https:\/\/elk.1kdigital.com\/lastekirjandus\/auhinnad-voistlused\/aasta-rosina-auhind-2\/#breadcrumb"},"inLanguage":"en-US","potentialAction":[{"@type":"ReadAction","target":["https:\/\/elk.1kdigital.com\/lastekirjandus\/auhinnad-voistlused\/aasta-rosina-auhind-2\/"]}]},{"@type":"BreadcrumbList","@id":"https:\/\/elk.1kdigital.com\/lastekirjandus\/auhinnad-voistlused\/aasta-rosina-auhind-2\/#breadcrumb","itemListElement":[{"@type":"ListItem","position":1,"name":"Home","item":"https:\/\/elk.1kdigital.com\/en\/"},{"@type":"ListItem","position":2,"name":"Children&#8217;s Literature","item":"https:\/\/elk.1kdigital.com\/lastekirjandus\/"},{"@type":"ListItem","position":3,"name":"Estonian children&#8217;s book awards","item":"https:\/\/elk.1kdigital.com\/lastekirjandus\/auhinnad-voistlused\/"},{"@type":"ListItem","position":4,"name":"Raisin of the Year Award"}]},{"@type":"WebSite","@id":"https:\/\/elk.1kdigital.com\/#website","url":"https:\/\/elk.1kdigital.com\/","name":"Eesti Lastekirjanduse Keskus","description":"Eesti Lastekirjanduse Keskus","publisher":{"@id":"https:\/\/elk.1kdigital.com\/#organization"},"potentialAction":[{"@type":"SearchAction","target":{"@type":"EntryPoint","urlTemplate":"https:\/\/elk.1kdigital.com\/?s={search_term_string}"},"query-input":{"@type":"PropertyValueSpecification","valueRequired":true,"valueName":"search_term_string"}}],"inLanguage":"en-US"},{"@type":"Organization","@id":"https:\/\/elk.1kdigital.com\/#organization","name":"Eesti Lastekirjanduse Keskus","url":"https:\/\/elk.1kdigital.com\/","logo":{"@type":"ImageObject","inLanguage":"en-US","@id":"https:\/\/elk.1kdigital.com\/#\/schema\/logo\/image\/","url":"https:\/\/elk.1kdigital.com\/wp-content\/uploads\/2021\/01\/ELK_logo_valge-1.png","contentUrl":"https:\/\/elk.1kdigital.com\/wp-content\/uploads\/2021\/01\/ELK_logo_valge-1.png","width":516,"height":159,"caption":"Eesti Lastekirjanduse Keskus"},"image":{"@id":"https:\/\/elk.1kdigital.com\/#\/schema\/logo\/image\/"}}]}},"_links":{"self":[{"href":"https:\/\/elk.1kdigital.com\/en\/wp-json\/wp\/v2\/pages\/44460","targetHints":{"allow":["GET"]}}],"collection":[{"href":"https:\/\/elk.1kdigital.com\/en\/wp-json\/wp\/v2\/pages"}],"about":[{"href":"https:\/\/elk.1kdigital.com\/en\/wp-json\/wp\/v2\/types\/page"}],"author":[{"embeddable":true,"href":"https:\/\/elk.1kdigital.com\/en\/wp-json\/wp\/v2\/users\/23"}],"replies":[{"embeddable":true,"href":"https:\/\/elk.1kdigital.com\/en\/wp-json\/wp\/v2\/comments?post=44460"}],"version-history":[{"count":1,"href":"https:\/\/elk.1kdigital.com\/en\/wp-json\/wp\/v2\/pages\/44460\/revisions"}],"predecessor-version":[{"id":44461,"href":"https:\/\/elk.1kdigital.com\/en\/wp-json\/wp\/v2\/pages\/44460\/revisions\/44461"}],"up":[{"embeddable":true,"href":"https:\/\/elk.1kdigital.com\/en\/wp-json\/wp\/v2\/pages\/34097"}],"wp:attachment":[{"href":"https:\/\/elk.1kdigital.com\/en\/wp-json\/wp\/v2\/media?parent=44460"}],"curies":[{"name":"wp","href":"https:\/\/api.w.org\/{rel}","templated":true}]}}