{"id":30546,"date":"2018-10-03T09:22:50","date_gmt":"2018-10-03T06:22:50","guid":{"rendered":"https:\/\/elk.ee\/?page_id=30546"},"modified":"2021-01-29T17:52:05","modified_gmt":"2021-01-29T15:52:05","slug":"estonian-childrens-authors-abroad","status":"publish","type":"page","link":"https:\/\/elk.1kdigital.com\/en\/authors\/estonian-childrens-authors-abroad\/","title":{"rendered":"Estonian children\u2019s authors abroad"},"content":{"rendered":"<div class=\"su-accordion su-u-trim\">\n<div class=\"su-spoiler su-spoiler-style-fancy su-spoiler-icon-plus\" data-scroll-offset=\"0\" data-anchor-in-url=\"no\"><div class=\"su-spoiler-title\" tabindex=\"0\" role=\"button\"><span class=\"su-spoiler-icon\"><\/span>2020<\/div><div class=\"su-spoiler-content su-u-clearfix su-u-trim\">\n<p><strong>NOVEMBER<\/strong><\/p>\n<p>28.11 <a href=\"https:\/\/elk.ee\/?profile=7091\">Mika Ker\u00e4nen<\/a> at the Tampere Book Fair on the Duetto stage at 13.30 introducing his book <em>The Mysterious Flower Snatcher<\/em>.<\/p>\n<p>28.11 <a href=\"https:\/\/elk.ee\/?profile=12892\">Indrek Koff<\/a> at the Tampere Book Fair on the Duetto stage at 14.30 introducing his book <em>Nice.\u00a0<\/em><\/p>\n<p>MARCH<\/p>\n<p>11.03 <a href=\"https:\/\/elk.ee\/?illustrator=kristi-kangilaski\">Kristi Kangilaski<\/a> at the London Book Fair&#8217;s Children&#8217;s Hub in a panel discussion Picture Books from the Baltics. <a href=\"https:\/\/www.londonbookfair.co.uk\/en\/Sessions\/83664\/Picture-books-from-the-Baltics\" target=\"_blank\" rel=\"noopener noreferrer\">Read More<\/a><\/p>\n<p>08.03 <a href=\"https:\/\/elk.ee\/?profile=12892\">Indrek Koff<\/a> at the Brussels Book Fair. <a href=\"https:\/\/flb.be\/auteur\/?id=47407\" target=\"_blank\" rel=\"noopener noreferrer\">Read more<\/a><\/p>\n<p><strong>FEBRUARY<\/strong><\/p>\n<p>29.02\u00a0<a href=\"https:\/\/elk.ee\/?profile=13040\">Kairi Look<\/a>\u00a0at the Latvian Book Fair in Riga.\u00a0<a href=\"https:\/\/elk.ee\/?p=37066\">Read more<\/a><\/p>\n<\/div><\/div>\n<div class=\"su-spoiler su-spoiler-style-fancy su-spoiler-icon-plus su-spoiler-closed\" data-scroll-offset=\"0\" data-anchor-in-url=\"no\"><div class=\"su-spoiler-title\" tabindex=\"0\" role=\"button\"><span class=\"su-spoiler-icon\"><\/span>2019<\/div><div class=\"su-spoiler-content su-u-clearfix su-u-trim\">\n<p><strong>DECEMBER<\/strong><\/p>\n<p>1\u20137.12\u00a0<a href=\"https:\/\/elk.ee\/?illustrator=viive-noor\">Viive Noor<\/a>\u00a0on a book tour in Italy with Bianca Maria Tricarico\u2019s book\u00a0<em>Tramburopoli<\/em><\/p>\n<p>NOVEMBER<\/p>\n<p>24.11\u00a0<a href=\"https:\/\/elk.ee\/?profile=13040\">Kairi Look<\/a>\u00a0and\u00a0<a href=\"https:\/\/elk.ee\/?profile=7019\">Leelo Tungal<\/a>\u00a0in the Helsinki St Martin\u2019s Day Fair.\u00a0<a href=\"https:\/\/elk.ee\/?p=35291\">Read more<\/a><\/p>\n<p class=\"srp-post-title\">18\u201324.11\u00a0<a href=\"https:\/\/elk.ee\/?profile=6867\">Piret Raud<\/a>\u00a0at the The South Ken Kids Festival, UK.\u00a0<a href=\"https:\/\/elk.ee\/?p=35582\">Read more<\/a><\/p>\n<p><strong>OCTOBER<\/strong><\/p>\n<p>26.10\u00a0<a href=\"https:\/\/elk.ee\/?profile=13040\">Kairi Look<\/a>\u00a0and\u00a0<a href=\"https:\/\/elk.ee\/?profile=7019\">Leelo Tungal<\/a>\u00a0at the Helsinki Book Fair.\u00a0<a href=\"https:\/\/elk.ee\/?p=34887\">Read more<\/a><\/p>\n<p>16.\u201320.10\u00a0The Estonian Children\u2019s Literature Centre\u00a0at the Frankfurt Book Fair, Germany [Hall 5.0 B 87]\u00a0<a href=\"https:\/\/elk.ee\/?p=35108\">Read more<\/a><\/p>\n<p>11.\u201313.10 Comic artists\u00a0<a href=\"https:\/\/elk.ee\/?illustrator=joonas-sildre\">Joonas Sildre<\/a>,\u00a0Veiko Tammj\u00e4rv\u00a0and\u00a0Liisa Kruusm\u00e4gi\u00a0at the Lakes International Comic Art Festival in Kendal, UK<\/p>\n<p>6.10\u00a0<a href=\"https:\/\/elk.ee\/?profile=13040\">Kairi Look<\/a>\u00a0will introduce her book\u00a0<em>Pia Biscuit Moves In<\/em>\u00a0at the Turku Book Fair.\u00a0<a href=\"https:\/\/elk.ee\/?p=34887\">Read more<\/a><\/p>\n<p>5.10\u20137.10\u00a0<a href=\"https:\/\/elk.ee\/?profile=7019\">Leelo Tungal<\/a>\u00a0will introduce her book\u00a0<em>Comrade Kid and the Grown-Ups<\/em>\u00a0in Finland. The author will meet readers on October 5th in Tampere, on October 6th at the Turu Book Fair and on October 7th in the Estonian Center in Helsinki.<\/p>\n<p><strong>SEPTEMBER<\/strong><\/p>\n<p>17.09\u00a0<a href=\"https:\/\/elk.ee\/?profile=andrus-kivirahk-2\">Andrus Kivir\u00e4hk<\/a>\u00a0will introduce his book\u00a0<em>Oscar and the Things\u00a0<\/em>in Moscow.\u00a0<a href=\"https:\/\/elk.ee\/?p=34756\">Read more<\/a><\/p>\n<p><strong>JULY<\/strong><\/p>\n<p>10.\u201312.07 Curator and illustrator\u00a0<a href=\"https:\/\/elk.ee\/?illustrator=viive-noor-2\">Viive Noor<\/a>\u00a0at the Rabka International Children\u2019s Literature Festival in Poland.\u00a0<a href=\"https:\/\/elk.ee\/?p=34542\">Read more<\/a><\/p>\n<p><strong>JUNE<\/strong><\/p>\n<p>10.\u201311.06 Workshops of the illustrators\u00a0<a href=\"https:\/\/elk.ee\/?illustrator=20675\">Ulla Saar<\/a>\u00a0and\u00a0<a href=\"https:\/\/elk.ee\/?illustrator=kertu-sillaste-2\">Kertu Sillaste<\/a>\u00a0at the Pop Up festival, UK.\u00a0<a href=\"https:\/\/elk.ee\/?p=33640\">Read more<\/a><\/p>\n<p><strong>MAY<\/strong><\/p>\n<p>31.05\u20135.06\u00a0<a href=\"https:\/\/elk.ee\/?profile=6867\">Piret Raud<\/a>\u00a0at the international EU and China Literary Festival in Beijing, China.\u00a0<a href=\"https:\/\/elk.ee\/?p=33809\">Read more<\/a><\/p>\n<p>29.05\u201310.06\u00a0<a href=\"https:\/\/elk.ee\/?illustrator=viive-noor-2\">Viive Noor<\/a>\u00a0on a book tour in Italy to present the children\u2019s book\u00a0<em>Tamburopoli<\/em>.\u00a0<a href=\"https:\/\/elk.ee\/?p=33754\">Read more<\/a><\/p>\n<p>25.05\u00a0<a href=\"https:\/\/elk.ee\/?profile=13040\" target=\"_blank\" rel=\"noopener noreferrer\">Kairi Look<\/a>\u00a0at the Literature Night\u00a0in Paris, France.\u00a0<a href=\"https:\/\/elk.ee\/?p=33758\">Read more<\/a><\/p>\n<p>24.05 Illustrator\u00a0<a href=\"https:\/\/elk.ee\/?illustrator=catherine-zarip-2\">Catherine Zarip<\/a>\u00a0and writer\u00a0Hilli Rand\u00a0presented their book\u00a0<em>Snowy White and Pitch Black\u00a0<\/em>at the Warsaw Book Fair<\/p>\n<p>20.05\u201322.05\u00a0<a href=\"https:\/\/elk.ee\/?profile=7156\">K\u00e4tlin Kaldmaa<\/a>\u00a0presented her book\u00a0<em>It\u2019s Damn Good to be a Bad Girl<\/em>\u00a0in Latvia in the Estonian School in Riga and in the children\u2019s section of the Ventspils\u2019 Central Library<\/p>\n<p><strong>APRIL<\/strong><\/p>\n<p>1\u20134.04\u00a0The Estonian Children\u2019s Literature Centre\u00a0at the Bologna Book Fair, Italy [Hall 30 D4E3]\n<p><strong>MARCH<\/strong><\/p>\n<p>31.03\u00a0<a href=\"https:\/\/elk.ee\/?profile=liis-sein\">Liis Sein<\/a>\u00a0at the Estonian school in Rimini, Italy<\/p>\n<p>25\u201326.03\u00a0<a href=\"https:\/\/elk.ee\/?profile=contra\">Contra<\/a>\u00a0presented his book\u00a0<em>Everyone\u2019s the Smartest\u00a0<\/em>at Birmingham schools (Anglesey Primary School, Somerville Primary School), in the Burton Library and in the Macdonald Burlington Hotel, UK.\u00a0<a href=\"https:\/\/elk.ee\/?p=32720\">Read more<\/a><\/p>\n<p>24.03\u00a0<a href=\"https:\/\/elk.ee\/?profile=contra\">Contra<\/a>\u00a0presented his book\u00a0<em>Everyone\u2019s the Smartest\u00a0<\/em>at the Estonian school Keelekindlus in London, UK.\u00a0<a href=\"https:\/\/elk.ee\/?p=32720\">Read more<\/a><\/p>\n<p>23.03\u00a0<a href=\"https:\/\/elk.ee\/?profile=contra\">Contra<\/a>\u00a0presented his book\u00a0<em>Everyone\u2019s the Smartest\u00a0<\/em>at the Bournville BookFest in Birmingham, UK.\u00a0<a href=\"https:\/\/elk.ee\/?p=32720\">Read more<\/a><\/p>\n<p>23.03\u00a0<a href=\"https:\/\/elk.ee\/?illustrator=kertu-sillaste-2\">Kertu Sillaste<\/a>\u00a0at the KRUMULUS bookstore, Berlin, Germany.\u00a0<a href=\"https:\/\/elk.ee\/?p=32425\">Read more<\/a><\/p>\n<p>22.03\u00a0<a href=\"https:\/\/elk.ee\/?illustrator=kertu-sillaste-2\">Kertu Sillaste<\/a>\u00a0at the OstPost bookstore, Berlin, Germany.\u00a0<a href=\"https:\/\/elk.ee\/?p=32425\">Read more<\/a><\/p>\n<p>22.03\u00a0<a href=\"https:\/\/elk.ee\/?profile=6867\">Piret Raud<\/a>\u00a0at the Leipzig Book Fair: \u201cDas Ohr und seine Freunde \u2013 wie h\u00f6rt man anderen zu\u201d, Germany.\u00a0<a href=\"https:\/\/elk.ee\/?p=31947\">Read more<\/a><\/p>\n<p>21.03\u00a0<a href=\"https:\/\/elk.ee\/?illustrator=kertu-sillaste-2\">Kertu Sillaste<\/a>\u00a0at the Pablo-Neruda school, Leipzig, Germany.\u00a0<a href=\"https:\/\/elk.ee\/?p=32425\">Read more<\/a><\/p>\n<p>21.03\u00a0<a href=\"https:\/\/elk.ee\/?illustrator=kertu-sillaste-2\">Kertu Sillaste<\/a>\u00a0at the Leipzig Book Fair: \u201cBilderbuchkino und Workshop: Jeder macht Kunst auf seine Weise\u201d, Germany.\u00a0<a href=\"https:\/\/elk.ee\/?p=32425\">Read more<\/a><\/p>\n<p>21\u201324.03\u00a0The Estonian Children\u2019s Literature Centre\u00a0at the Leipzig Book Fair, Germany [Hall 4D 307]\n<p>16.03\u00a0<a href=\"https:\/\/elk.ee\/?profile=13040\">Kairi Look<\/a>\u00a0at the Paris Book Fair to present her book\u00a0<em>The Airport Bugs Fight On<\/em>, Paris, France<\/p>\n<p>14.03\u00a0<a href=\"https:\/\/elk.ee\/?profile=13040\">Kairi Look<\/a>\u00a0at the INALCO (National Institute for Oriental Languages and Civilizations), Paris, France<\/p>\n<p>12\u201314.03\u00a0The Estonian Children\u2019s Literature Centre\u00a0at the London Book Fair, UK\u00a0[5D 135b]\n<p>12.03 Illustrator\u00a0<a href=\"https:\/\/elk.ee\/?illustrator=20675\">Ulla Saar<\/a>\u00a0as a speaker in the seminar \u201cRising Stars: Children\u2019s Authors and Illustrators from the Baltics\u201d\u00a0at the London Book Fair, UK.\u00a0<a href=\"https:\/\/elk.ee\/?p=31901\">Read more<\/a><\/p>\n<p>4\u20138.03 Illustrator\u00a0<a href=\"https:\/\/elk.ee\/?illustrator=catherine-zarip-2\">Catherine Zarip<\/a>\u00a0and writer\u00a0Hilli Rand\u00a0presented their book\u00a0<em>Snowy White and Pitch Black\u00a0<\/em>in Slovenian schools as part of the international reading project Our Little Library<\/p>\n<p><strong>JANUARY<\/strong><\/p>\n<p>14\u201318.01\u00a0Hilli Rand\u00a0presented her book\u00a0<em>Snowy White and Pitch Black<\/em>\u00a0at Slovenian schools as part of the international reading project Our Little Library<\/p>\n<\/div><\/div>\n<div class=\"su-spoiler su-spoiler-style-fancy su-spoiler-icon-plus su-spoiler-closed\" data-scroll-offset=\"0\" data-anchor-in-url=\"no\"><div class=\"su-spoiler-title\" tabindex=\"0\" role=\"button\"><span class=\"su-spoiler-icon\"><\/span>2018<\/div><div class=\"su-spoiler-content su-u-clearfix su-u-trim\">\n<p><strong>DECEMBER<\/strong><\/p>\n<p>21.12\u00a0<a href=\"https:\/\/elk.ee\/?profile=13040\">Kairi Look<\/a>\u00a0presented her book\u00a0<em>The Airport Bugs Fight On<\/em>\u00a0at the Helsinki Christmas Market and the Rosebud bookshop in Helsinki, Finland<\/p>\n<p>8.12\u00a0<a href=\"https:\/\/elk.ee\/?illustrator=20675\">Ulla Saar\u00a0<\/a>at the\u00a0<em>Kid\u2019s Christmas Island<\/em>\u00a0literary festival for children and youth in Vilnius, Lithuania<\/p>\n<p>3.12 Illustrator\u00a0<a href=\"https:\/\/elk.ee\/?illustrator=regina-lukk-toompere-2\">Regina Lukk-Toompere<\/a>\u00a0at the library of the cultural centre of the Moscow Likhachev Automotive Plant (ZIL), Russia<\/p>\n<p>1.12 Illustrator\u00a0<a href=\"https:\/\/elk.ee\/?illustrator=regina-lukk-toompere-2\">Regina Lukk-Toompere<\/a>\u00a0spoke about her work at the international book fair non\/fictio\u2116 20, Moscow, Russia<\/p>\n<p><strong>NOVEMBER<\/strong><\/p>\n<p>24.11\u00a0<a href=\"https:\/\/elk.ee\/?profile=7019\">Leelo Tungal<\/a>\u00a0presented her book\u00a0<em>Comrade Kid<\/em>\u00a0at the St Martin\u2019s Day Fair, Helsinki, Finland<\/p>\n<p>16.11 Illustrator\u00a0<a href=\"https:\/\/elk.ee\/?illustrator=viive-noor-2\">Viive Noor<\/a>\u00a0at the opening of the exhibition \u201cRunning with Wolves. Werewolf\u201d at the Pskov City Library, Russia<\/p>\n<p>15\u201325.11\u00a0<a href=\"https:\/\/elk.ee\/?profile=12892\">Indrek Koff<\/a>\u00a0at the Nordic Culture Festival\u00a0<em>Les Bor\u00e9ales\u00a0<\/em>in Caen, France<\/p>\n<p>8.11 Illustrator<a href=\"https:\/\/elk.ee\/?illustrator=viive-noor-2\">\u00a0Viive Noor\u00a0<\/a>at the opening of the exhibition \u201cPower of Pictures\u201d at the Russian State Children\u2019s Library, Moscow<\/p>\n<p><strong>OCTOBER<\/strong><\/p>\n<p>25\u201328.10\u00a0<a href=\"https:\/\/elk.ee\/?profile=anti-saar\">Anti Saar<\/a>\u00a0presented his book\u00a0<em>The Way Things Are With Us<\/em>\u00a0at the Krak\u00f3w Book Fair and at the Conrad Festival in Krak\u00f3w, Poland<\/p>\n<p>25.10\u00a0<a href=\"https:\/\/elk.ee\/?profile=andrus-kivirahk-2\">Andrus Kivir\u00e4hk<\/a>\u00a0at the Helsinki Book Fair, Finland<\/p>\n<p>19\u201321.10\u00a0<a href=\"https:\/\/elk.ee\/?profile=7019\">Leelo Tungal\u00a0<\/a>presented her book\u00a0<em>Comrade Kid<\/em>\u00a0at the Riga Book Festival, Latvia<\/p>\n<p>19\u201321.10\u00a0<a href=\"https:\/\/elk.ee\/?profile=anti-saar\">Anti Saar<\/a>\u00a0presented his book\u00a0<em>The Way Things Are With Us<\/em>\u00a0at the Marg\u00f3 Festival of Literature and Book Fair in Budapest, Hungary<\/p>\n<p>13.10 Illustrator\u00a0<a href=\"https:\/\/elk.ee\/?illustrator=katrin-ehrlich-2\">Katrin Ehrlich<\/a>\u00a0at the opening of the exhibition \u201cPower of Pictures\u201d at the Moscow Library No. 180, Russia<\/p>\n<p>10\u201314.10\u00a0The Estonian Children\u2019s Literature Centre\u00a0at the Frankfurt Book Fair, Germany<\/p>\n<p>5\u20137.10\u00a0<a href=\"https:\/\/elk.ee\/?profile=7091\">Mika Ker\u00e4nen<\/a>\u00a0and\u00a0<a href=\"https:\/\/elk.ee\/?profile=13040\">Kairi Look<\/a>\u00a0at the Turku Book Fair, Finland<\/p>\n<p>5.10 Illustrator\u00a0<a href=\"https:\/\/elk.ee\/?illustrator=viive-noor-2\">Viive Noor<\/a>\u00a0at the opening of the exhibition \u201cRunning with Wolves\u201d at the Baltic Sea Culture Centre in Gda\u0144sk, Poland<\/p>\n<p><strong>SEPTEMBER<\/strong><\/p>\n<p>30.09\u00a0Heli Illipe-Sootak\u00a0at the\u00a0Estonian House in Gothenburg, Sweden<\/p>\n<p>6\u20138.09\u00a0<a href=\"https:\/\/elk.ee\/?profile=6867\">Piret Raud<\/a>\u00a0at the literary festival Festivaletteratura in Mantua, Italy<\/p>\n<p><strong>AUGUST<\/strong><\/p>\n<p>23.08 Illustrator\u00a0<a href=\"https:\/\/elk.ee\/?illustrator=urmas-viik-2\">Urmas Viik<\/a>\u00a0at the opening of the exhibition \u201cSecret Lives\u201d at the Skizze Gallery, Jerusalem, Israel<\/p>\n<p>21.08\u00a0<a href=\"https:\/\/elk.ee\/?profile=13040\">Kairi Look<\/a>\u00a0at the T\u00f6\u00f6l\u00f6 library, Helsinki, Finland<\/p>\n<p><strong>JULY<\/strong><\/p>\n<p>7.07 Illustrator\u00a0<a href=\"https:\/\/elk.ee\/?illustrator=viive-noor-2\">Viive Noor<\/a>\u00a0with the\u00a0<em>River\u00a0<\/em>installation in the Oxford Castle Yard, UK<\/p>\n<p><strong>JUNE<\/strong><\/p>\n<p>8\u201315.06\u00a0<a href=\"https:\/\/elk.ee\/?profile=reeli-reinaus-2\">Reeli Reinaus<\/a>\u00a0and\u00a0<a href=\"https:\/\/elk.ee\/?profile=7156\">K\u00e4tlin Kaldmaa<\/a>\u00a0in the Hexham Book Festival residency \u201cWriting Borders\u201d in Northumberland, UK<\/p>\n<p><strong>MAY<\/strong><\/p>\n<p>29\u201331.05\u00a0Ene Sepp\u00a0at the\u00a0<em>Hay festival<\/em><em>\u00a0<\/em>in Hay-on-Wye, UK<\/p>\n<p>09.05\u00a0<a href=\"https:\/\/elk.ee\/?profile=andrus-kivirahk-2\">Andrus Kivir\u00e4hk<\/a>\u00a0presented his book\u00a0<em>Carnival and Potato Salad<\/em>\u00a0in Helsinki, Finland<\/p>\n<p><strong>APRIL<\/strong><\/p>\n<p>11.04 Illustrator\u00a0<a href=\"https:\/\/elk.ee\/?illustrator=20675\">Ulla Saar<\/a>\u00a0participated as speaker in the seminar \u201cFinding New Voices: Children\u2019s Literature from the Baltics\u201d\u00a0at the London Book Fair<\/p>\n<p>10\u201312.04\u00a0The Estonian Children\u2019s Literature Centre\u00a0at the London Book Fair, UK<\/p>\n<p>10\u201312.04 Illustrators\u00a0<a href=\"https:\/\/elk.ee\/?illustrator=20675\">Ulla Saar<\/a>,\u00a0Elina Sildre,\u00a0Joonas Sildre\u00a0and\u00a0<a href=\"https:\/\/elk.ee\/?illustrator=kertu-sillaste-2\">Kertu Sillaste<\/a>\u00a0participated in the Pop Up Creators Project activities in London, UK<\/p>\n<p>10.04\u00a0<a href=\"https:\/\/elk.ee\/?profile=6867\">Piret Raud<\/a>\u00a0at the London Book Fair as the main speaker at the seminar \u201cPicture Books Like No Other: the Unique Vision of Piret Raud\u201d<\/p>\n<p>10.04 Illustrators\u00a0<a href=\"https:\/\/elk.ee\/?illustrator=anne-pikkov-2\">Anne Pikkov<\/a>\u00a0and\u00a0<a href=\"https:\/\/elk.ee\/?illustrator=20675\">Ulla Saar<\/a>\u00a0participated as speakers in the seminar \u201cPushing the Limits of Graphic Stories: Spotlight on the Pop Up Creators Project\u201d\u00a0at the London Book Fair<\/p>\n<p><strong>MARCH<\/strong><\/p>\n<p>26\u201329.03\u00a0The Estonian Children\u2019s Literature Centre\u00a0at the Bologna Children\u2019s Book Fair, Italy<\/p>\n<p>26.03 Illustrators\u00a0Elina Sildre\u00a0and\u00a0Joonas Sildre\u00a0at the Bologna Estonian school, Italy<\/p>\n<p>23.03\u00a0<a href=\"https:\/\/elk.ee\/?profile=markus-saksatamm\">Markus Saksatamm<\/a>\u00a0at the Moscow School 2121 and at the library of the cultural centre of the Moscow Likhachev Automotive Plant (ZIL), Russia<\/p>\n<p>22.03\u00a0<a href=\"https:\/\/elk.ee\/?profile=markus-saksatamm\">Markus Saksatamm<\/a>\u00a0at the A. Pushkin Central City Children\u2019s Library, St Petersburg, Russia<\/p>\n<p>15\u201316.03\u00a0The Estonian Children\u2019s Literature Centre\u00a0at the Leipzig Book Fair, Germany<\/p>\n<p>15.03 Writer\u00a0<a href=\"https:\/\/elk.ee\/?profile=12892\">Indrek Koff<\/a>\u00a0presented his book\u00a0<em>Nice<\/em>\u00a0in Berlin, Germany<\/p>\n<p><strong>FEBRUARY<\/strong><\/p>\n<p>12\u201316.02 Writer\u00a0<a href=\"https:\/\/elk.ee\/?profile=7091\">Mika Ker\u00e4nen<\/a>\u00a0at the Estonian Literature Week in Finland<\/p>\n<\/div><\/div>\n<\/div>\n","protected":false},"excerpt":{"rendered":"","protected":false},"author":3,"featured_media":0,"parent":32997,"menu_order":10,"comment_status":"closed","ping_status":"closed","template":"page-purple.php","meta":{"_acf_changed":false,"inline_featured_image":false,"pgc_sgb_lightbox_settings":"","footnotes":""},"class_list":["post-30546","page","type-page","status-publish","hentry"],"acf":[],"yoast_head":"<!-- This site is optimized with the Yoast SEO plugin v27.1.1 - https:\/\/yoast.com\/product\/yoast-seo-wordpress\/ -->\n<title>Estonian children\u2019s authors abroad - Eesti Lastekirjanduse Keskus<\/title>\n<meta name=\"robots\" content=\"index, follow, max-snippet:-1, max-image-preview:large, max-video-preview:-1\" \/>\n<link rel=\"canonical\" href=\"https:\/\/elk.1kdigital.com\/en\/authors\/estonian-childrens-authors-abroad\/\" \/>\n<meta property=\"og:locale\" content=\"en_US\" \/>\n<meta property=\"og:type\" content=\"article\" \/>\n<meta property=\"og:title\" content=\"Estonian children\u2019s authors abroad - Eesti Lastekirjanduse Keskus\" \/>\n<meta property=\"og:url\" content=\"https:\/\/elk.1kdigital.com\/en\/authors\/estonian-childrens-authors-abroad\/\" \/>\n<meta property=\"og:site_name\" content=\"Eesti Lastekirjanduse Keskus\" \/>\n<meta property=\"article:modified_time\" content=\"2021-01-29T15:52:05+00:00\" \/>\n<meta name=\"twitter:card\" content=\"summary_large_image\" \/>\n<meta name=\"twitter:label1\" content=\"Est. reading time\" \/>\n\t<meta name=\"twitter:data1\" content=\"6 minutes\" \/>\n<script type=\"application\/ld+json\" class=\"yoast-schema-graph\">{\"@context\":\"https:\/\/schema.org\",\"@graph\":[{\"@type\":\"WebPage\",\"@id\":\"https:\/\/elk.1kdigital.com\/en\/authors\/estonian-childrens-authors-abroad\/\",\"url\":\"https:\/\/elk.1kdigital.com\/en\/authors\/estonian-childrens-authors-abroad\/\",\"name\":\"Estonian children\u2019s authors abroad - Eesti Lastekirjanduse Keskus\",\"isPartOf\":{\"@id\":\"https:\/\/elk.1kdigital.com\/#website\"},\"datePublished\":\"2018-10-03T06:22:50+00:00\",\"dateModified\":\"2021-01-29T15:52:05+00:00\",\"breadcrumb\":{\"@id\":\"https:\/\/elk.1kdigital.com\/en\/authors\/estonian-childrens-authors-abroad\/#breadcrumb\"},\"inLanguage\":\"en-US\",\"potentialAction\":[{\"@type\":\"ReadAction\",\"target\":[\"https:\/\/elk.1kdigital.com\/en\/authors\/estonian-childrens-authors-abroad\/\"]}]},{\"@type\":\"BreadcrumbList\",\"@id\":\"https:\/\/elk.1kdigital.com\/en\/authors\/estonian-childrens-authors-abroad\/#breadcrumb\",\"itemListElement\":[{\"@type\":\"ListItem\",\"position\":1,\"name\":\"Home\",\"item\":\"https:\/\/elk.1kdigital.com\/en\/\"},{\"@type\":\"ListItem\",\"position\":2,\"name\":\"Authors\",\"item\":\"https:\/\/elk.1kdigital.com\/en\/authors\/\"},{\"@type\":\"ListItem\",\"position\":3,\"name\":\"Estonian children\u2019s authors abroad\"}]},{\"@type\":\"WebSite\",\"@id\":\"https:\/\/elk.1kdigital.com\/#website\",\"url\":\"https:\/\/elk.1kdigital.com\/\",\"name\":\"Eesti Lastekirjanduse Keskus\",\"description\":\"Eesti Lastekirjanduse Keskus\",\"publisher\":{\"@id\":\"https:\/\/elk.1kdigital.com\/#organization\"},\"potentialAction\":[{\"@type\":\"SearchAction\",\"target\":{\"@type\":\"EntryPoint\",\"urlTemplate\":\"https:\/\/elk.1kdigital.com\/?s={search_term_string}\"},\"query-input\":{\"@type\":\"PropertyValueSpecification\",\"valueRequired\":true,\"valueName\":\"search_term_string\"}}],\"inLanguage\":\"en-US\"},{\"@type\":\"Organization\",\"@id\":\"https:\/\/elk.1kdigital.com\/#organization\",\"name\":\"Eesti Lastekirjanduse Keskus\",\"url\":\"https:\/\/elk.1kdigital.com\/\",\"logo\":{\"@type\":\"ImageObject\",\"inLanguage\":\"en-US\",\"@id\":\"https:\/\/elk.1kdigital.com\/#\/schema\/logo\/image\/\",\"url\":\"https:\/\/elk.1kdigital.com\/wp-content\/uploads\/2021\/01\/ELK_logo_valge-1.png\",\"contentUrl\":\"https:\/\/elk.1kdigital.com\/wp-content\/uploads\/2021\/01\/ELK_logo_valge-1.png\",\"width\":516,\"height\":159,\"caption\":\"Eesti Lastekirjanduse Keskus\"},\"image\":{\"@id\":\"https:\/\/elk.1kdigital.com\/#\/schema\/logo\/image\/\"}}]}<\/script>\n<!-- \/ Yoast SEO plugin. -->","yoast_head_json":{"title":"Estonian children\u2019s authors abroad - Eesti Lastekirjanduse Keskus","robots":{"index":"index","follow":"follow","max-snippet":"max-snippet:-1","max-image-preview":"max-image-preview:large","max-video-preview":"max-video-preview:-1"},"canonical":"https:\/\/elk.1kdigital.com\/en\/authors\/estonian-childrens-authors-abroad\/","og_locale":"en_US","og_type":"article","og_title":"Estonian children\u2019s authors abroad - Eesti Lastekirjanduse Keskus","og_url":"https:\/\/elk.1kdigital.com\/en\/authors\/estonian-childrens-authors-abroad\/","og_site_name":"Eesti Lastekirjanduse Keskus","article_modified_time":"2021-01-29T15:52:05+00:00","twitter_card":"summary_large_image","twitter_misc":{"Est. reading time":"6 minutes"},"schema":{"@context":"https:\/\/schema.org","@graph":[{"@type":"WebPage","@id":"https:\/\/elk.1kdigital.com\/en\/authors\/estonian-childrens-authors-abroad\/","url":"https:\/\/elk.1kdigital.com\/en\/authors\/estonian-childrens-authors-abroad\/","name":"Estonian children\u2019s authors abroad - Eesti Lastekirjanduse Keskus","isPartOf":{"@id":"https:\/\/elk.1kdigital.com\/#website"},"datePublished":"2018-10-03T06:22:50+00:00","dateModified":"2021-01-29T15:52:05+00:00","breadcrumb":{"@id":"https:\/\/elk.1kdigital.com\/en\/authors\/estonian-childrens-authors-abroad\/#breadcrumb"},"inLanguage":"en-US","potentialAction":[{"@type":"ReadAction","target":["https:\/\/elk.1kdigital.com\/en\/authors\/estonian-childrens-authors-abroad\/"]}]},{"@type":"BreadcrumbList","@id":"https:\/\/elk.1kdigital.com\/en\/authors\/estonian-childrens-authors-abroad\/#breadcrumb","itemListElement":[{"@type":"ListItem","position":1,"name":"Home","item":"https:\/\/elk.1kdigital.com\/en\/"},{"@type":"ListItem","position":2,"name":"Authors","item":"https:\/\/elk.1kdigital.com\/en\/authors\/"},{"@type":"ListItem","position":3,"name":"Estonian children\u2019s authors abroad"}]},{"@type":"WebSite","@id":"https:\/\/elk.1kdigital.com\/#website","url":"https:\/\/elk.1kdigital.com\/","name":"Eesti Lastekirjanduse Keskus","description":"Eesti Lastekirjanduse Keskus","publisher":{"@id":"https:\/\/elk.1kdigital.com\/#organization"},"potentialAction":[{"@type":"SearchAction","target":{"@type":"EntryPoint","urlTemplate":"https:\/\/elk.1kdigital.com\/?s={search_term_string}"},"query-input":{"@type":"PropertyValueSpecification","valueRequired":true,"valueName":"search_term_string"}}],"inLanguage":"en-US"},{"@type":"Organization","@id":"https:\/\/elk.1kdigital.com\/#organization","name":"Eesti Lastekirjanduse Keskus","url":"https:\/\/elk.1kdigital.com\/","logo":{"@type":"ImageObject","inLanguage":"en-US","@id":"https:\/\/elk.1kdigital.com\/#\/schema\/logo\/image\/","url":"https:\/\/elk.1kdigital.com\/wp-content\/uploads\/2021\/01\/ELK_logo_valge-1.png","contentUrl":"https:\/\/elk.1kdigital.com\/wp-content\/uploads\/2021\/01\/ELK_logo_valge-1.png","width":516,"height":159,"caption":"Eesti Lastekirjanduse Keskus"},"image":{"@id":"https:\/\/elk.1kdigital.com\/#\/schema\/logo\/image\/"}}]}},"_links":{"self":[{"href":"https:\/\/elk.1kdigital.com\/en\/wp-json\/wp\/v2\/pages\/30546","targetHints":{"allow":["GET"]}}],"collection":[{"href":"https:\/\/elk.1kdigital.com\/en\/wp-json\/wp\/v2\/pages"}],"about":[{"href":"https:\/\/elk.1kdigital.com\/en\/wp-json\/wp\/v2\/types\/page"}],"author":[{"embeddable":true,"href":"https:\/\/elk.1kdigital.com\/en\/wp-json\/wp\/v2\/users\/3"}],"replies":[{"embeddable":true,"href":"https:\/\/elk.1kdigital.com\/en\/wp-json\/wp\/v2\/comments?post=30546"}],"version-history":[{"count":126,"href":"https:\/\/elk.1kdigital.com\/en\/wp-json\/wp\/v2\/pages\/30546\/revisions"}],"predecessor-version":[{"id":44661,"href":"https:\/\/elk.1kdigital.com\/en\/wp-json\/wp\/v2\/pages\/30546\/revisions\/44661"}],"up":[{"embeddable":true,"href":"https:\/\/elk.1kdigital.com\/en\/wp-json\/wp\/v2\/pages\/32997"}],"wp:attachment":[{"href":"https:\/\/elk.1kdigital.com\/en\/wp-json\/wp\/v2\/media?parent=30546"}],"curies":[{"name":"wp","href":"https:\/\/api.w.org\/{rel}","templated":true}]}}